{"id":8263,"date":"2019-07-27T17:29:16","date_gmt":"2019-07-27T12:59:16","guid":{"rendered":"https:\/\/goldenwest.pt\/?page_id=8263"},"modified":"2024-11-11T10:30:56","modified_gmt":"2024-11-11T07:00:56","slug":"portekiz-golden-visa","status":"publish","type":"page","link":"https:\/\/goldenwest.pt\/tr\/portekiz-golden-visa\/","title":{"rendered":"Portekiz Golden Visa ile Oturma \u0130zni ve Vatanda\u015fl\u0131k 2024"},"content":{"rendered":"<p>[vc_row bg_type=&#8221;bg_image&#8221; dima_canvas_style=&#8221;&#8221; translate_x=&#8221;0&#8243; dima_z_index=&#8221;0&#8243; delay=&#8221;&#8221; animate_item=&#8221;&#8221; delay_duration=&#8221;&#8221; delay_offset=&#8221;&#8221; id=&#8221;&#8221; class=&#8221;&#8221; di_bg_image=&#8221;8295&#8243; border_color=&#8221;&#8221;][vc_column bg_type=&#8221;&#8221; dima_canvas_style=&#8221;&#8221; min_height=&#8221;&#8221; translate_x=&#8221;0&#8243; dima_z_index=&#8221;0&#8243; delay=&#8221;&#8221; delay_duration=&#8221;&#8221; delay_offset=&#8221;&#8221; width=&#8221;1\/1&#8243;]<div  class=\"dima-clear\" style=\"padding-bottom:130px\"><\/div>[\/vc_column][\/vc_row][vc_row bg_type=&#8221;&#8221; dima_canvas_style=&#8221;&#8221; translate_x=&#8221;0&#8243; dima_z_index=&#8221;0&#8243; delay=&#8221;&#8221; animate_item=&#8221;&#8221; delay_duration=&#8221;&#8221; delay_offset=&#8221;&#8221;][vc_column bg_type=&#8221;&#8221; dima_canvas_style=&#8221;&#8221; min_height=&#8221;&#8221; translate_x=&#8221;0&#8243; dima_z_index=&#8221;0&#8243; delay=&#8221;&#8221; delay_duration=&#8221;&#8221; delay_offset=&#8221;&#8221; width=&#8221;1\/1&#8243;][vc_row_inner bg_type=&#8221;&#8221; dima_canvas_style=&#8221;&#8221; translate_x=&#8221;0&#8243; dima_z_index=&#8221;0&#8243;][vc_column_inner delay=&#8221;&#8221; delay_duration=&#8221;&#8221; delay_offset=&#8221;&#8221; translate_x=&#8221;0&#8243; dima_z_index=&#8221;0&#8243; width=&#8221;1\/3&#8243;]<hr>[\/vc_column_inner][vc_column_inner delay=&#8221;&#8221; delay_duration=&#8221;&#8221; delay_offset=&#8221;&#8221; translate_x=&#8221;0&#8243; dima_z_index=&#8221;0&#8243; width=&#8221;1\/3&#8243;]<h1  class=\"dima-custom-heading\"   ><\/p>\n<p style=\"text-align: center;\"><span style=\"color: #19406a; font-size: 14pt;\"><strong><span style=\"font-family: Arial, Helvetica, sans-serif;\">Portekiz Golden Visa ile Oturma \u0130zni <\/span><\/strong><span style=\"font-family: Arial, Helvetica, sans-serif;\"><strong>ve Vatanda\u015fl\u0131k 2024<\/strong><\/span><\/span><\/p>\n<p><\/h1>[\/vc_column_inner][vc_column_inner delay=&#8221;&#8221; delay_duration=&#8221;&#8221; delay_offset=&#8221;&#8221; translate_x=&#8221;0&#8243; dima_z_index=&#8221;0&#8243; width=&#8221;1\/3&#8243;]<hr>[\/vc_column_inner][\/vc_row_inner]<div  class=\"dima-clear\" style=\"padding-bottom:15px\"><\/div>\n\t<div class=\"wpb_content_element \" >\n\t\t<div class=\"wpb_wrapper\">\n\t\t\t<p style=\"text-align: justify;\"><span style=\"font-family: Arial, Helvetica, sans-serif;\">Portekiz golden visa, Portekiz h\u00fck\u00fcmetinin 2012 y\u0131l\u0131nda ba\u015flatt\u0131\u011f\u0131 bir yat\u0131r\u0131m program\u0131d\u0131r ve Avrupa Birli\u011fi d\u0131\u015f\u0131ndaki \u00fclke vatanda\u015flar\u0131na oturma izni alma f\u0131rsat\u0131 sunar. Bu program\u0131n temel amac\u0131, Portekiz&#8217;e yabanc\u0131 yat\u0131r\u0131mc\u0131 \u00e7ekmek ve \u00fclkedeki ekonomik b\u00fcy\u00fcmeyi te\u015fvik etmektir. Golden Vize, genellikle \u00a0\u00a0yat\u0131r\u0131m\u00a0 \u00a0yaparak elde edilir ve birka\u00e7 farkl\u0131 yat\u0131r\u0131m yolu vard\u0131r.<\/span><\/p>\n<p style=\"text-align: justify;\"><span style=\"font-family: Arial, Helvetica, sans-serif;\">portekiz golden visa \u0130\u00e7in Yayg\u0131n Yat\u0131r\u0131m Se\u00e7enekleri:<\/span><\/p>\n\n\t\t<\/div> \n\t<\/div> <ul  class=\"list-style circle_list\"  ><li   >\n<p style=\"text-align: justify;\"><span style=\"font-family: Arial, Helvetica, sans-serif;\">Portekiz&#8217;de en az 10 istihdam pozisyonu yarat\u0131lmas\u0131 (yat\u0131r\u0131m k\u0131s\u0131tlamas\u0131 yok)<\/span><\/p>\n<\/li><li   >\n<p style=\"text-align: justify;\"><span style=\"font-family: Arial, Helvetica, sans-serif;\">Millennium Bank ve Caixa arac\u0131l\u0131\u011f\u0131yla \u00e7e\u015fitli Portekiz borsa endekslerine 500.000 \u20ac tutar\u0131nda yat\u0131r\u0131m yapmak<\/span><\/p>\n<\/li><li   >\n<p style=\"text-align: justify;\"><span style=\"font-family: Arial, Helvetica, sans-serif;\">Alt\u0131n Vize i\u00e7in h\u00fck\u00fcmet taraf\u0131ndan onaylanan k\u00fclt\u00fcrel, sanatsal ve tarihi alanlardaki projelere yat\u0131r\u0131m yapmak ve 250.000 \u20ac ile 350.000 \u20ac aras\u0131nda ba\u011f\u0131\u015f yapmak<\/span><\/p>\n<\/li><li   >\n<p style=\"text-align: justify;\"><span style=\"font-family: Arial, Helvetica, sans-serif;\">Kendi yeni kuraca\u011f\u0131 \u015firkete veya ba\u015fka bir \u015firkete ba\u015flang\u0131\u00e7 \u200b\u200bsermayesi olarak 500.000 Euro yat\u0131r\u0131m yapmak ve 3 y\u0131la kadar en az 5 ki\u015fiye istihdam yaratmak.<\/span><\/p>\n<\/li><\/ul>\n\t<div class=\"wpb_content_element \" >\n\t\t<div class=\"wpb_wrapper\">\n\t\t\t<h2 style=\"text-align: justify;\"><strong><span style=\"font-family: Arial, Helvetica, sans-serif; color: #19406a; font-size: 14pt;\">Golden Visa Portekiz\u2019in Faydalar\u0131<\/span><\/strong><\/h2>\n<p style=\"text-align: justify;\"><span style=\"font-family: Arial, Helvetica, sans-serif;\">Alt\u0131n Vize program\u0131 yat\u0131r\u0131mc\u0131lara a\u015fa\u011f\u0131daki avantajlar\u0131 sunmaktad\u0131r:<\/span><\/p>\n\n\t\t<\/div> \n\t<\/div> <ul  class=\"list-style stars\"  ><li   ><span style=\"font-family: Arial, Helvetica, sans-serif;\">Portekiz&#8217;de daimi ikamet hakk\u0131 elde etmek i\u00e7in g\u00fcvenli yat\u0131r\u0131m<\/span><\/li><li   >\n<p style=\"text-align: justify;\"><span style=\"font-family: Arial, Helvetica, sans-serif;\">Portekiz pasaportu ald\u0131ktan sonra Amerika, Kanada, \u0130ngiltere ve Avustralya&#8217;ya \u00f6zg\u00fcrce seyahat edin<\/span><\/p>\n<\/li><li   >\n<p style=\"text-align: justify;\"><span style=\"font-family: Arial, Helvetica, sans-serif;\">Portekiz&#8217;e girmek i\u00e7in vize alman\u0131za gerek yok<\/span><\/p>\n<\/li><li   >\n<p style=\"text-align: justify;\"><span style=\"font-family: Arial, Helvetica, sans-serif;\">Avrupa&#8217;da (Schengen b\u00f6lgesi) seyahat etmek i\u00e7in vize alman\u0131za gerek yoktur<\/span><\/p>\n<\/li><li   >\n<p style=\"text-align: justify;\"><span style=\"font-family: Arial, Helvetica, sans-serif;\">Ba\u015fka bir \u00fclkede ya\u015farken bile Portekiz&#8217;de ya\u015famak ve \u00e7al\u0131\u015fmak<\/span><\/p>\n<\/li><li   >\n<p style=\"text-align: justify;\"><span style=\"font-family: Arial, Helvetica, sans-serif;\">Aile \u00fcyeleri i\u00e7in konaklama<\/span><\/p>\n<\/li><li   >\n<p style=\"text-align: justify;\"><span style=\"font-family: Arial, Helvetica, sans-serif;\">5 y\u0131l sonra Portekiz vatanda\u015fl\u0131\u011f\u0131 ve pasaportunun al\u0131nmas\u0131<\/span><\/p>\n<\/li><li   >\n<p style=\"text-align: justify;\"><span style=\"font-family: Arial, Helvetica, sans-serif;\">Portekiz&#8217;de do\u011fan bebe\u011fe 1 y\u0131l sonra Portekiz vatanda\u015fl\u0131\u011f\u0131 ve pasaportu al\u0131nmas\u0131<\/span><\/p>\n<\/li><\/ul>\n\t<div class=\"wpb_content_element \" >\n\t\t<div class=\"wpb_wrapper\">\n\t\t\t<p style=\"text-align: justify;\"><span style=\"font-family: Arial, Helvetica, sans-serif;\">Portekiz&#8217;e Alt\u0131n Vize almay\u0131 d\u00fc\u015f\u00fcn\u00fcyorsan\u0131z Golden West \u015firketi bu yolda size yard\u0131mc\u0131 olacakt\u0131r. Bu nedenle meslekta\u015flar\u0131m\u0131zla ileti\u015fime ge\u00e7in.<\/span><\/p>\n\n\t\t<\/div> \n\t<\/div> \n\t<div class=\"wpb_content_element \" >\n\t\t<div class=\"wpb_wrapper\">\n\t\t\t<p style=\"text-align: center;\"><span style=\"font-family: Arial, Helvetica, sans-serif; font-size: 14pt; color: #19406a;\"><strong>GoldenWestin m\u00fc\u015fteriler i\u00e7in ald\u0131\u011f\u0131 Portekiz Golden Vize \u00f6rnekleri<\/strong><\/span><\/p>\n\n\t\t<\/div> \n\t<\/div> [vc_row_inner bg_type=&#8221;&#8221; dima_canvas_style=&#8221;&#8221; translate_x=&#8221;0&#8243; dima_z_index=&#8221;0&#8243;][vc_column_inner delay=&#8221;&#8221; delay_duration=&#8221;&#8221; delay_offset=&#8221;&#8221; translate_x=&#8221;0&#8243; dima_z_index=&#8221;0&#8243; width=&#8221;1\/4&#8243;]<div  class=\"dima-img column-item overflow-hidden\"       ><img loading=\"lazy\" decoding=\"async\" width=\"1024\" height=\"630\" src=\"https:\/\/goldenwest.pt\/wp-content\/uploads\/2024\/10\/portugal-visa-136.jpg\" class=\"dima_image-img dima-image attachment-full\" alt=\"portekiz goldenvize\" srcset=\"https:\/\/goldenwest.pt\/wp-content\/uploads\/2024\/10\/portugal-visa-136.jpg 1024w, https:\/\/goldenwest.pt\/wp-content\/uploads\/2024\/10\/portugal-visa-136-300x185.jpg 300w, https:\/\/goldenwest.pt\/wp-content\/uploads\/2024\/10\/portugal-visa-136-768x473.jpg 768w, https:\/\/goldenwest.pt\/wp-content\/uploads\/2024\/10\/portugal-visa-136-585x360.jpg 585w, https:\/\/goldenwest.pt\/wp-content\/uploads\/2024\/10\/portugal-visa-136-24x15.jpg 24w, https:\/\/goldenwest.pt\/wp-content\/uploads\/2024\/10\/portugal-visa-136-36x22.jpg 36w, https:\/\/goldenwest.pt\/wp-content\/uploads\/2024\/10\/portugal-visa-136-48x30.jpg 48w\" sizes=\"auto, (max-width: 1024px) 100vw, 1024px\" \/><\/div>[\/vc_column_inner][vc_column_inner delay=&#8221;&#8221; delay_duration=&#8221;&#8221; delay_offset=&#8221;&#8221; translate_x=&#8221;0&#8243; dima_z_index=&#8221;0&#8243; width=&#8221;1\/4&#8243;]<div  class=\"dima-img column-item overflow-hidden\"       ><img loading=\"lazy\" decoding=\"async\" width=\"1024\" height=\"631\" src=\"https:\/\/goldenwest.pt\/wp-content\/uploads\/2024\/10\/portugal-visa-159.jpg\" class=\"dima_image-img dima-image attachment-full\" alt=\"portekiz goldenvize\" srcset=\"https:\/\/goldenwest.pt\/wp-content\/uploads\/2024\/10\/portugal-visa-159.jpg 1024w, https:\/\/goldenwest.pt\/wp-content\/uploads\/2024\/10\/portugal-visa-159-300x185.jpg 300w, https:\/\/goldenwest.pt\/wp-content\/uploads\/2024\/10\/portugal-visa-159-768x473.jpg 768w, https:\/\/goldenwest.pt\/wp-content\/uploads\/2024\/10\/portugal-visa-159-585x360.jpg 585w, https:\/\/goldenwest.pt\/wp-content\/uploads\/2024\/10\/portugal-visa-159-24x15.jpg 24w, https:\/\/goldenwest.pt\/wp-content\/uploads\/2024\/10\/portugal-visa-159-36x22.jpg 36w, https:\/\/goldenwest.pt\/wp-content\/uploads\/2024\/10\/portugal-visa-159-48x30.jpg 48w\" sizes=\"auto, (max-width: 1024px) 100vw, 1024px\" \/><\/div>[\/vc_column_inner][vc_column_inner delay=&#8221;&#8221; delay_duration=&#8221;&#8221; delay_offset=&#8221;&#8221; translate_x=&#8221;0&#8243; dima_z_index=&#8221;0&#8243; width=&#8221;1\/4&#8243;]<div  class=\"dima-img column-item overflow-hidden\"       ><img loading=\"lazy\" decoding=\"async\" width=\"1024\" height=\"631\" src=\"https:\/\/goldenwest.pt\/wp-content\/uploads\/2024\/10\/portugal-visa-160.jpg\" class=\"dima_image-img dima-image attachment-full\" alt=\"portekiz goldenvize oturma izni\" srcset=\"https:\/\/goldenwest.pt\/wp-content\/uploads\/2024\/10\/portugal-visa-160.jpg 1024w, https:\/\/goldenwest.pt\/wp-content\/uploads\/2024\/10\/portugal-visa-160-300x185.jpg 300w, https:\/\/goldenwest.pt\/wp-content\/uploads\/2024\/10\/portugal-visa-160-768x473.jpg 768w, https:\/\/goldenwest.pt\/wp-content\/uploads\/2024\/10\/portugal-visa-160-585x360.jpg 585w, https:\/\/goldenwest.pt\/wp-content\/uploads\/2024\/10\/portugal-visa-160-24x15.jpg 24w, https:\/\/goldenwest.pt\/wp-content\/uploads\/2024\/10\/portugal-visa-160-36x22.jpg 36w, https:\/\/goldenwest.pt\/wp-content\/uploads\/2024\/10\/portugal-visa-160-48x30.jpg 48w\" sizes=\"auto, (max-width: 1024px) 100vw, 1024px\" \/><\/div>[\/vc_column_inner][vc_column_inner delay=&#8221;&#8221; delay_duration=&#8221;&#8221; delay_offset=&#8221;&#8221; translate_x=&#8221;0&#8243; dima_z_index=&#8221;0&#8243; width=&#8221;1\/4&#8243;]<div  class=\"dima-img column-item overflow-hidden\"       ><img loading=\"lazy\" decoding=\"async\" width=\"1024\" height=\"630\" src=\"https:\/\/goldenwest.pt\/wp-content\/uploads\/2024\/10\/portugal-visa-168.jpg\" class=\"dima_image-img dima-image attachment-full\" alt=\"portekiz goldenvize\" srcset=\"https:\/\/goldenwest.pt\/wp-content\/uploads\/2024\/10\/portugal-visa-168.jpg 1024w, https:\/\/goldenwest.pt\/wp-content\/uploads\/2024\/10\/portugal-visa-168-300x185.jpg 300w, https:\/\/goldenwest.pt\/wp-content\/uploads\/2024\/10\/portugal-visa-168-768x473.jpg 768w, https:\/\/goldenwest.pt\/wp-content\/uploads\/2024\/10\/portugal-visa-168-585x360.jpg 585w, https:\/\/goldenwest.pt\/wp-content\/uploads\/2024\/10\/portugal-visa-168-24x15.jpg 24w, https:\/\/goldenwest.pt\/wp-content\/uploads\/2024\/10\/portugal-visa-168-36x22.jpg 36w, https:\/\/goldenwest.pt\/wp-content\/uploads\/2024\/10\/portugal-visa-168-48x30.jpg 48w\" sizes=\"auto, (max-width: 1024px) 100vw, 1024px\" \/><\/div>[\/vc_column_inner][\/vc_row_inner]\n\t<div class=\"wpb_content_element \" >\n\t\t<div class=\"wpb_wrapper\">\n\t\t\t<h2 style=\"text-align: justify;\"><strong><span style=\"font-family: Arial, Helvetica, sans-serif; color: #19406a; font-size: 14pt;\">Gayrimenkul al\u0131m\u0131 yoluyla Portekiz&#8217;de ikamet<\/span><\/strong><\/h2>\n<p style=\"text-align: justify;\"><span style=\"font-family: Arial, Helvetica, sans-serif;\">2023 y\u0131l\u0131 sonuna kadar Portekiz&#8217;e m\u00fclk sat\u0131n alarak alt\u0131n vize almak m\u00fcmk\u00fcnd\u00fc ancak 2024 y\u0131l\u0131ndan itibaren alt\u0131n vize almak i\u00e7in yat\u0131r\u0131m t\u00fcrlerinde de\u011fi\u015fiklikler yap\u0131ld\u0131. Yeni Portekiz alt\u0131n vize yasas\u0131na g\u00f6re, bir m\u00fclk sat\u0131n almak art\u0131k alt\u0131n vize alman\u0131za yol a\u00e7mayacak. Bundan sonra ba\u015fvuru sahipleri yaln\u0131zca yukar\u0131da belirtilen y\u00f6ntemlere yat\u0131r\u0131m yaparak Portekiz Alt\u0131n Vizesi alabilecekler.<\/span><\/p>\n\n\t\t<\/div> \n\t<\/div> \n\t<div class=\"wpb_content_element \" >\n\t\t<div class=\"wpb_wrapper\">\n\t\t\t<h2 style=\"text-align: justify;\"><span style=\"color: #19406a; font-size: 14pt; font-family: Arial, Helvetica, sans-serif;\"><strong>Golden Visa ile Portekiz pasaportu almak<\/strong><\/span><\/h2>\n<p style=\"text-align: justify;\"><span style=\"font-family: Arial, Helvetica, sans-serif;\">2024 itibar\u0131yla Portekiz Parlamentosu, Portekiz Vatanda\u015fl\u0131k ve Pasaport Yasas\u0131nda yap\u0131lan \u00f6nemli de\u011fi\u015fiklikleri onaylad\u0131. Yeni yasaya g\u00f6re Portekiz vatanda\u015fl\u0131\u011f\u0131 almak i\u00e7in 5 y\u0131ll\u0131k bekleme s\u00fcresi, alt\u0131n vize dosyas\u0131 incelenmek ve oturma kart\u0131 almak \u00fczere Portekiz h\u00fck\u00fcmetine sunuldu\u011fu tarihten itibaren hesaplan\u0131yor.<\/span><\/p>\n\n\t\t<\/div> \n\t<\/div> <div  class=\"dima-clear\" style=\"padding-bottom:30px\"><\/div>[vc_row_inner bg_type=&#8221;&#8221; dima_canvas_style=&#8221;&#8221; translate_x=&#8221;0&#8243; dima_z_index=&#8221;0&#8243;][vc_column_inner delay=&#8221;&#8221; delay_duration=&#8221;&#8221; delay_offset=&#8221;&#8221; translate_x=&#8221;0&#8243; dima_z_index=&#8221;0&#8243; width=&#8221;1\/3&#8243;]<div  class=\"dima-iconbox no-box text-center\"  style=\"\"><header  class=\"icon-box-header \"  ><span  class=\" box-circle  icon-box-hover icon-box-medium\"><i class=\"fa fa-graduation-cap\"><\/i><\/span><\/header><div  class=\"features-content\"  ><h5 class=\"features-title\" >Portekiz \u00d6\u011frenci Vizesi<\/h5><span class=\"dima-divider line-center line-hr small-line\"><\/span><\/div><\/div><a   href=\"https:\/\/goldenwest.pt\/tr\/portekiz-d7-vizesi\/\"  class=\"dima-button dima-waves fill dima-btn-small float-center\"    target=\"_blank\" rel=\"noopener\"  >Detayl\u0131 Bilgi<\/a>[\/vc_column_inner][vc_column_inner delay=&#8221;&#8221; delay_duration=&#8221;&#8221; delay_offset=&#8221;&#8221; translate_x=&#8221;0&#8243; dima_z_index=&#8221;0&#8243; width=&#8221;1\/3&#8243;]<div  class=\"dima-iconbox no-box text-center\"  style=\"\"><header  class=\"icon-box-header \"  ><span  class=\" box-circle  icon-box-hover icon-box-medium\"><i class=\"fa fa-building-o\"><\/i><\/span><\/header><div  class=\"features-content\"  ><h5 class=\"features-title\" >Portekiz'de \u015eirket Kurmak<\/h5><span class=\"dima-divider line-center line-hr small-line\"><\/span><\/div><\/div><a   href=\"https:\/\/goldenwest.pt\/tr\/portekizde-sirket-kurmak\/\"  class=\"dima-button dima-waves fill dima-btn-small float-center\"    target=\"_blank\" rel=\"noopener\"  >Detayl\u0131 Bilgi<\/a>[\/vc_column_inner][vc_column_inner delay=&#8221;&#8221; delay_duration=&#8221;&#8221; delay_offset=&#8221;&#8221; translate_x=&#8221;0&#8243; dima_z_index=&#8221;0&#8243; width=&#8221;1\/3&#8243;]<div  class=\"dima-iconbox no-box text-center\"  style=\"\"><header  class=\"icon-box-header \"  ><span  class=\" box-circle  icon-box-hover icon-box-medium\"><i class=\"fa fa-id-card-o\"><\/i><\/span><\/header><div  class=\"features-content\"  ><h5 class=\"features-title\" >Portekiz D7 Vizesi<\/h5><span class=\"dima-divider line-center line-hr small-line\"><\/span><\/div><\/div><a   href=\"https:\/\/goldenwest.pt\/tr\/portekiz-d7-vizesi\/\"  class=\"dima-button dima-waves fill dima-btn-small float-center\"    target=\"_blank\" rel=\"noopener\"  >Detayl\u0131 Bilgi<\/a>[\/vc_column_inner][\/vc_row_inner]\n\t<div class=\"wpb_content_element \" >\n\t\t<div class=\"wpb_wrapper\">\n\t\t\t<h2 style=\"text-align: justify;\"><span style=\"font-size: 14pt;\"><strong><span style=\"font-family: Arial, Helvetica, sans-serif; color: #19406a;\">Portekiz i\u00e7in alt\u0131n vize alma prosed\u00fcrleri<\/span><\/strong><\/span><\/h2>\n<p style=\"text-align: justify;\"><span style=\"font-family: Arial, Helvetica, sans-serif;\">Yat\u0131r\u0131m yoluyla Portekiz&#8217;de oturma izni alma ad\u0131mlar\u0131 a\u015fa\u011f\u0131daki gibidir:<\/span><\/p>\n\n\t\t<\/div> \n\t<\/div> <ul  class=\"list-style check\"  ><li   >\n<p style=\"text-align: justify;\"><span style=\"font-family: Arial, Helvetica, sans-serif;\">\u00a0Yat\u0131r\u0131m ko\u015fullar\u0131 ile tekliflerin konumu ve sunumu hakk\u0131nda isti\u015fare ve inceleme<\/span><\/p>\n<\/li><li   >\n<p style=\"text-align: justify;\"><span style=\"font-family: Arial, Helvetica, sans-serif;\">\u00a0Avukatla s\u00f6zle\u015fme imzalanmas\u0131 ve ilgili \u00fccretlerin \u00f6denmesi<\/span><\/p>\n<\/li><li   >\n<p style=\"text-align: justify;\"><span style=\"font-family: Arial, Helvetica, sans-serif;\">T\u00fcrkiye&#8217;deki Portekiz B\u00fcy\u00fckel\u00e7ili\u011fi onay\u0131 ile belgelerin kontrol listesine g\u00f6re terc\u00fcmesi<\/span><\/p>\n<\/li><li   >\n<p style=\"text-align: justify;\"><span style=\"font-family: Arial, Helvetica, sans-serif;\">\u00a0Portekiz&#8217;e seyahat etmek, t\u00fcm i\u015f ad\u0131mlar\u0131n\u0131 yak\u0131ndan takip etmek, ekonomik kodu almak ve bir banka hesab\u0131 a\u00e7mak (tabii ki Schengen vizeniz varsa), aksi takdirde, bahsedilenleri yapmak i\u00e7in T\u00fcrkiye &#8216;daki Portekiz b\u00fcy\u00fckel\u00e7ili\u011finde bir vekaletname imzalay\u0131n. Bu durumda, Portekiz&#8217;deki i\u015fler avukat taraf\u0131ndan yap\u0131lacakt\u0131r.<\/span><\/p>\n<\/li><li   >\n<p style=\"text-align: justify;\"><span style=\"font-family: Arial, Helvetica, sans-serif;\">Yat\u0131r\u0131m\u0131n toplam tutar\u0131n\u0131n Portekiz\u2019e aktar\u0131lmas\u0131 ve ikamet ba\u015fvurusu sahibi ad\u0131na belgenin haz\u0131rlanmas\u0131<\/span><\/p>\n<\/li><li   >\n<p style=\"text-align: justify;\"><span style=\"font-family: Arial, Helvetica, sans-serif;\">\u00a0Ba\u015fvuru sahibi ve aile \u00fcyeleri i\u00e7in bir avukat taraf\u0131ndan davetiye d\u00fczenlenmesi ve ard\u0131ndan g\u00f6\u00e7menlik b\u00fcrosundan parmak izi al\u0131nmas\u0131<\/span><\/p>\n<\/li><li   >\n<p style=\"text-align: justify;\"><span style=\"font-family: Arial, Helvetica, sans-serif;\">Dosyan\u0131n G\u00f6\u00e7menlik Dairesi taraf\u0131ndan kabul edilmesi sonucunun al\u0131nmas\u0131<\/span><\/p>\n<\/li><li   >\n<p style=\"text-align: justify;\"><span style=\"font-family: Arial, Helvetica, sans-serif;\">\u00a0Portekiz&#8217;e hareket etmek ve \u00f6nceden belirlenen zamanda parmak izi almak i\u00e7in g\u00f6\u00e7menlik b\u00fcrosuna gitmek ve son olarak ilk kart\u0131 vermek<\/span><\/p>\n<\/li><\/ul>[\/vc_column][\/vc_row][vc_row bg_type=&#8221;bg_image&#8221; dima_canvas_style=&#8221;&#8221; translate_x=&#8221;0&#8243; dima_z_index=&#8221;0&#8243; delay=&#8221;&#8221; animate_item=&#8221;&#8221; delay_duration=&#8221;&#8221; delay_offset=&#8221;&#8221; id=&#8221;&#8221; class=&#8221;&#8221; di_bg_image=&#8221;8096&#8243; border_color=&#8221;&#8221;][vc_column bg_type=&#8221;&#8221; dima_canvas_style=&#8221;&#8221; min_height=&#8221;&#8221; translate_x=&#8221;0&#8243; dima_z_index=&#8221;0&#8243; delay=&#8221;&#8221; delay_duration=&#8221;&#8221; delay_offset=&#8221;&#8221; width=&#8221;1\/2&#8243;]\n\t<div class=\"wpb_content_element \" >\n\t\t<div class=\"wpb_wrapper\">\n\t\t\t<p style=\"text-align: center;\"><span style=\"font-family: Arial, Helvetica, sans-serif; font-size: 14pt; color: #ffffff;\"><strong>Vize ve Ikamet dan\u0131\u015fmanl\u0131\u011f\u0131 i\u00e7in bizimle ileti\u015fime ge\u00e7in<\/strong><\/span><\/p>\n\n\t\t<\/div> \n\t<\/div> [\/vc_column][vc_column bg_type=&#8221;&#8221; dima_canvas_style=&#8221;&#8221; min_height=&#8221;&#8221; translate_x=&#8221;0&#8243; dima_z_index=&#8221;0&#8243; delay=&#8221;&#8221; delay_duration=&#8221;&#8221; delay_offset=&#8221;&#8221; width=&#8221;1\/2&#8243;]<a href=\"https:\/\/wa.me\/+351913987220\" class=\"dima-button dima-waves fill dima-btn-small float-center\" target=\"_blank\" rel=\"noopener\">WhatsApp<\/a>[\/vc_column][\/vc_row]<\/p>\n","protected":false},"excerpt":{"rendered":"<p>[vc_row bg_type=&#8221;bg_image&#8221; dima_canvas_style=&#8221;&#8221; translate_x=&#8221;0&#8243; dima_z_index=&#8221;0&#8243; delay=&#8221;&#8221; animate_item=&#8221;&#8221; delay_duration=&#8221;&#8221; delay_offset=&#8221;&#8221; id=&#8221;&#8221; class=&#8221;&#8221; di_bg_image=&#8221;8295&#8243; border_color=&#8221;&#8221;][vc_column bg_type=&#8221;&#8221; dima_canvas_style=&#8221;&#8221; min_height=&#8221;&#8221; translate_x=&#8221;0&#8243; dima_z_index=&#8221;0&#8243; delay=&#8221;&#8221; delay_duration=&#8221;&#8221; delay_offset=&#8221;&#8221; width=&#8221;1\/1&#8243;][\/vc_column][\/vc_row][vc_row bg_type=&#8221;&#8221; dima_canvas_style=&#8221;&#8221; translate_x=&#8221;0&#8243; dima_z_index=&#8221;0&#8243; delay=&#8221;&#8221; animate_item=&#8221;&#8221; delay_duration=&#8221;&#8221; delay_offset=&#8221;&#8221;][vc_column bg_type=&#8221;&#8221; dima_canvas_style=&#8221;&#8221; min_height=&#8221;&#8221; translate_x=&#8221;0&#8243; dima_z_index=&#8221;0&#8243; delay=&#8221;&#8221; delay_duration=&#8221;&#8221; delay_offset=&#8221;&#8221; width=&#8221;1\/1&#8243;][vc_row_inner bg_type=&#8221;&#8221; dima_canvas_style=&#8221;&#8221; translate_x=&#8221;0&#8243; dima_z_index=&#8221;0&#8243;][vc_column_inner delay=&#8221;&#8221; delay_duration=&#8221;&#8221; delay_offset=&#8221;&#8221; translate_x=&#8221;0&#8243; dima_z_index=&#8221;0&#8243; width=&#8221;1\/3&#8243;][\/vc_column_inner][vc_column_inner delay=&#8221;&#8221; delay_duration=&#8221;&#8221; delay_offset=&#8221;&#8221; translate_x=&#8221;0&#8243; dima_z_index=&#8221;0&#8243; width=&#8221;1\/3&#8243;][\/vc_column_inner][vc_column_inner [&hellip;]<\/p>\n","protected":false},"author":4,"featured_media":8264,"parent":0,"menu_order":0,"comment_status":"closed","ping_status":"closed","template":"","meta":{"inline_featured_image":false,"footnotes":""},"class_list":["post-8263","page","type-page","status-publish","has-post-thumbnail","hentry"],"_links":{"self":[{"href":"https:\/\/goldenwest.pt\/tr\/wp-json\/wp\/v2\/pages\/8263","targetHints":{"allow":["GET"]}}],"collection":[{"href":"https:\/\/goldenwest.pt\/tr\/wp-json\/wp\/v2\/pages"}],"about":[{"href":"https:\/\/goldenwest.pt\/tr\/wp-json\/wp\/v2\/types\/page"}],"author":[{"embeddable":true,"href":"https:\/\/goldenwest.pt\/tr\/wp-json\/wp\/v2\/users\/4"}],"replies":[{"embeddable":true,"href":"https:\/\/goldenwest.pt\/tr\/wp-json\/wp\/v2\/comments?post=8263"}],"version-history":[{"count":19,"href":"https:\/\/goldenwest.pt\/tr\/wp-json\/wp\/v2\/pages\/8263\/revisions"}],"predecessor-version":[{"id":8448,"href":"https:\/\/goldenwest.pt\/tr\/wp-json\/wp\/v2\/pages\/8263\/revisions\/8448"}],"wp:featuredmedia":[{"embeddable":true,"href":"https:\/\/goldenwest.pt\/tr\/wp-json\/wp\/v2\/media\/8264"}],"wp:attachment":[{"href":"https:\/\/goldenwest.pt\/tr\/wp-json\/wp\/v2\/media?parent=8263"}],"curies":[{"name":"wp","href":"https:\/\/api.w.org\/{rel}","templated":true}]}}