{"id":8120,"date":"2022-10-24T16:13:57","date_gmt":"2022-10-24T12:43:57","guid":{"rendered":"https:\/\/goldenwest.pt\/?page_id=8120"},"modified":"2024-10-08T16:09:29","modified_gmt":"2024-10-08T12:39:29","slug":"iletisim","status":"publish","type":"page","link":"https:\/\/goldenwest.pt\/tr\/iletisim\/","title":{"rendered":"\u0130leti\u015fim"},"content":{"rendered":"<p>[vc_row bg_type=&#8221;&#8221; dima_canvas_style=&#8221;&#8221; top_shape_color=&#8221;#ffffff&#8221; bottom_shape_color=&#8221;#ffffff&#8221; border_style=&#8221;solid&#8221; translate_x=&#8221;0&#8243; dima_z_index=&#8221;0&#8243; delay=&#8221;&#8221; animate_item=&#8221;&#8221; delay_duration=&#8221;&#8221; delay_offset=&#8221;&#8221; id=&#8221;&#8221; class=&#8221;&#8221; css=&#8221;.vc_custom_1728390716163{border-radius: 3px !important;}&#8221; border_color=&#8221;#e8e8e8&#8243;][vc_column bg_type=&#8221;&#8221; dima_canvas_style=&#8221;&#8221; min_height=&#8221;&#8221; translate_x=&#8221;0&#8243; dima_z_index=&#8221;0&#8243; delay=&#8221;&#8221; delay_duration=&#8221;&#8221; delay_offset=&#8221;&#8221; width=&#8221;1\/2&#8243;]\n\t<div class=\"wpb_content_element  vc_custom_1728391148367\" >\n\t\t<div class=\"wpb_wrapper\">\n\t\t\t<h5 dir=\"ltr\" style=\"text-align: left;\"><span style=\"font-family: Arial, Helvetica, sans-serif;\"><strong><span style=\"color: #19406a; font-size: 14pt;\">Portugal office:<\/span><\/strong><\/span><\/h5>\n<p dir=\"ltr\" style=\"text-align: left;\"><span style=\"font-family: Arial, Helvetica, sans-serif; color: #000000;\">Add: Rua Conselheiro Lu\u00eds Magalh\u00e3es, N\u00b037<\/span><br \/>\n<span style=\"font-family: Arial, Helvetica, sans-serif; color: #000000;\">Loja 5, R&amp;S, Aveiro, Portugal<\/span><\/p>\n<p dir=\"ltr\" style=\"text-align: left;\"><span style=\"font-family: Arial, Helvetica, sans-serif; color: #000000;\">zip code: 3800-137 Aveiro Portugal<\/span><\/p>\n<p dir=\"ltr\" style=\"text-align: left;\"><span style=\"font-family: Arial, Helvetica, sans-serif; color: #000000;\">WhatsApp: +351 913 987 220<br \/>\n<\/span><\/p>\n<p dir=\"ltr\" style=\"text-align: left;\"><span style=\"font-family: Arial, Helvetica, sans-serif; color: #000000;\">Email: info@goldenwest.pt<\/span><\/p>\n\n\t\t<\/div> \n\t<\/div> <div  class=\"dima-clear\" style=\"padding-bottom:15px\"><\/div>[vc_row_inner bg_type=&#8221;&#8221; dima_canvas_style=&#8221;&#8221; translate_x=&#8221;0&#8243; dima_z_index=&#8221;0&#8243;][vc_column_inner delay=&#8221;&#8221; delay_duration=&#8221;&#8221; delay_offset=&#8221;&#8221; translate_x=&#8221;0&#8243; dima_z_index=&#8221;0&#8243; width=&#8221;1\/1&#8243;][vc_raw_html]JTNDaWZyYW1lJTIwc3JjJTNEJTIyaHR0cHMlM0ElMkYlMkZ3d3cuZ29vZ2xlLmNvbSUyRm1hcHMlMkZlbWJlZCUzRnBiJTNEJTIxMW0xOCUyMTFtMTIlMjExbTMlMjExZDMwMjcuNDIyOTg1MDMyODc2NiUyMTJkLTguNjUzNTkxMTg0MzY0NzQzJTIxM2Q0MC42NDI2MDU0NDk3OTQzOSUyMTJtMyUyMTFmMCUyMTJmMCUyMTNmMCUyMTNtMiUyMTFpMTAyNCUyMTJpNzY4JTIxNGYxMy4xJTIxM20zJTIxMW0yJTIxMXMweGQyMzk5ZDVlMmU2NmUxMyUyNTNBMHgzNjE0MmZlNTViN2YxMDQyJTIxMnpSMjlzWkdWdVYyVnpkQ0F0SU5xdjJZVFlyOW1HSU5tSTJMUFlxZyUyMTVlMCUyMTNtMiUyMTFzZW4lMjEyc25sJTIxNHYxNjY2NjIwODMwNTI5JTIxNW0yJTIxMXNlbiUyMTJzbmwlMjIlMjB3aWR0aCUzRCUyMjYwMCUyMiUyMGhlaWdodCUzRCUyMjQ1MCUyMiUyMHN0eWxlJTNEJTIyYm9yZGVyJTNBMCUzQiUyMiUyMGFsbG93ZnVsbHNjcmVlbiUzRCUyMiUyMiUyMGxvYWRpbmclM0QlMjJsYXp5JTIyJTIwcmVmZXJyZXJwb2xpY3klM0QlMjJuby1yZWZlcnJlci13aGVuLWRvd25ncmFkZSUyMiUzRSUzQyUyRmlmcmFtZSUzRQ==[\/vc_raw_html][\/vc_column_inner][\/vc_row_inner][\/vc_column][vc_column bg_type=&#8221;&#8221; dima_canvas_style=&#8221;&#8221; min_height=&#8221;&#8221; translate_x=&#8221;0&#8243; dima_z_index=&#8221;0&#8243; delay=&#8221;&#8221; delay_duration=&#8221;&#8221; delay_offset=&#8221;&#8221; width=&#8221;1\/2&#8243;][vc_row_inner add_shadow=&#8221;true&#8221; bg_type=&#8221;&#8221; dima_canvas_style=&#8221;&#8221; translate_x=&#8221;0&#8243; dima_z_index=&#8221;0&#8243; id=&#8221;&#8221; class=&#8221;&#8221; style=&#8221;&#8221; border_color=&#8221;&#8221;][vc_column_inner delay=&#8221;&#8221; delay_duration=&#8221;&#8221; delay_offset=&#8221;&#8221; translate_x=&#8221;0&#8243; dima_z_index=&#8221;0&#8243; width=&#8221;1\/1&#8243;]\n\t<div class=\"wpb_content_element \" >\n\t\t<div class=\"wpb_wrapper\">\n\t\t\t<h2 class=\"gform_title\"><strong><span style=\"font-family: Arial, Helvetica, sans-serif; color: #19406a; font-size: 14pt;\">\u0130leti\u015fim Formu<\/span><\/strong><\/h2>\n<div class=\"gform_heading\">\n<p class=\"gform_description\"><strong><span style=\"font-family: Arial, Helvetica, sans-serif;\">Size en iyi \u015fekilde yard\u0131mc\u0131 olabilmemiz i\u00e7in l\u00fctfen mesaj\u0131n\u0131z\u0131 b\u0131rak\u0131n:<\/span><\/strong><\/p>\n<\/div>\n\n\t\t<\/div> \n\t<\/div> [\/vc_column_inner][\/vc_row_inner][\/vc_column][\/vc_row]<\/p>\n","protected":false},"excerpt":{"rendered":"<p>[vc_row bg_type=&#8221;&#8221; dima_canvas_style=&#8221;&#8221; top_shape_color=&#8221;#ffffff&#8221; bottom_shape_color=&#8221;#ffffff&#8221; border_style=&#8221;solid&#8221; translate_x=&#8221;0&#8243; dima_z_index=&#8221;0&#8243; delay=&#8221;&#8221; animate_item=&#8221;&#8221; delay_duration=&#8221;&#8221; delay_offset=&#8221;&#8221; id=&#8221;&#8221; class=&#8221;&#8221; css=&#8221;.vc_custom_1728390716163{border-radius: 3px !important;}&#8221; border_color=&#8221;#e8e8e8&#8243;][vc_column bg_type=&#8221;&#8221; dima_canvas_style=&#8221;&#8221; min_height=&#8221;&#8221; translate_x=&#8221;0&#8243; dima_z_index=&#8221;0&#8243; delay=&#8221;&#8221; delay_duration=&#8221;&#8221; delay_offset=&#8221;&#8221; width=&#8221;1\/2&#8243;][vc_row_inner bg_type=&#8221;&#8221; dima_canvas_style=&#8221;&#8221; translate_x=&#8221;0&#8243; dima_z_index=&#8221;0&#8243;][vc_column_inner delay=&#8221;&#8221; delay_duration=&#8221;&#8221; delay_offset=&#8221;&#8221; translate_x=&#8221;0&#8243; dima_z_index=&#8221;0&#8243; width=&#8221;1\/1&#8243;][vc_raw_html]JTNDaWZyYW1lJTIwc3JjJTNEJTIyaHR0cHMlM0ElMkYlMkZ3d3cuZ29vZ2xlLmNvbSUyRm1hcHMlMkZlbWJlZCUzRnBiJTNEJTIxMW0xOCUyMTFtMTIlMjExbTMlMjExZDMwMjcuNDIyOTg1MDMyODc2NiUyMTJkLTguNjUzNTkxMTg0MzY0NzQzJTIxM2Q0MC42NDI2MDU0NDk3OTQzOSUyMTJtMyUyMTFmMCUyMTJmMCUyMTNmMCUyMTNtMiUyMTFpMTAyNCUyMTJpNzY4JTIxNGYxMy4xJTIxM20zJTIxMW0yJTIxMXMweGQyMzk5ZDVlMmU2NmUxMyUyNTNBMHgzNjE0MmZlNTViN2YxMDQyJTIxMnpSMjlzWkdWdVYyVnpkQ0F0SU5xdjJZVFlyOW1HSU5tSTJMUFlxZyUyMTVlMCUyMTNtMiUyMTFzZW4lMjEyc25sJTIxNHYxNjY2NjIwODMwNTI5JTIxNW0yJTIxMXNlbiUyMTJzbmwlMjIlMjB3aWR0aCUzRCUyMjYwMCUyMiUyMGhlaWdodCUzRCUyMjQ1MCUyMiUyMHN0eWxlJTNEJTIyYm9yZGVyJTNBMCUzQiUyMiUyMGFsbG93ZnVsbHNjcmVlbiUzRCUyMiUyMiUyMGxvYWRpbmclM0QlMjJsYXp5JTIyJTIwcmVmZXJyZXJwb2xpY3klM0QlMjJuby1yZWZlcnJlci13aGVuLWRvd25ncmFkZSUyMiUzRSUzQyUyRmlmcmFtZSUzRQ==[\/vc_raw_html][\/vc_column_inner][\/vc_row_inner][\/vc_column][vc_column bg_type=&#8221;&#8221; dima_canvas_style=&#8221;&#8221; min_height=&#8221;&#8221; translate_x=&#8221;0&#8243; dima_z_index=&#8221;0&#8243; delay=&#8221;&#8221; delay_duration=&#8221;&#8221; delay_offset=&#8221;&#8221; width=&#8221;1\/2&#8243;][vc_row_inner add_shadow=&#8221;true&#8221; bg_type=&#8221;&#8221; dima_canvas_style=&#8221;&#8221; translate_x=&#8221;0&#8243; dima_z_index=&#8221;0&#8243; id=&#8221;&#8221; class=&#8221;&#8221; style=&#8221;&#8221; border_color=&#8221;&#8221;][vc_column_inner [&hellip;]<\/p>\n","protected":false},"author":4,"featured_media":0,"parent":0,"menu_order":0,"comment_status":"closed","ping_status":"closed","template":"","meta":{"inline_featured_image":false,"footnotes":""},"class_list":["post-8120","page","type-page","status-publish","hentry"],"_links":{"self":[{"href":"https:\/\/goldenwest.pt\/tr\/wp-json\/wp\/v2\/pages\/8120","targetHints":{"allow":["GET"]}}],"collection":[{"href":"https:\/\/goldenwest.pt\/tr\/wp-json\/wp\/v2\/pages"}],"about":[{"href":"https:\/\/goldenwest.pt\/tr\/wp-json\/wp\/v2\/types\/page"}],"author":[{"embeddable":true,"href":"https:\/\/goldenwest.pt\/tr\/wp-json\/wp\/v2\/users\/4"}],"replies":[{"embeddable":true,"href":"https:\/\/goldenwest.pt\/tr\/wp-json\/wp\/v2\/comments?post=8120"}],"version-history":[{"count":8,"href":"https:\/\/goldenwest.pt\/tr\/wp-json\/wp\/v2\/pages\/8120\/revisions"}],"predecessor-version":[{"id":8126,"href":"https:\/\/goldenwest.pt\/tr\/wp-json\/wp\/v2\/pages\/8120\/revisions\/8126"}],"wp:attachment":[{"href":"https:\/\/goldenwest.pt\/tr\/wp-json\/wp\/v2\/media?parent=8120"}],"curies":[{"name":"wp","href":"https:\/\/api.w.org\/{rel}","templated":true}]}}