{"id":8402,"date":"2020-08-26T17:39:41","date_gmt":"2020-08-26T13:09:41","guid":{"rendered":"https:\/\/goldenwest.pt\/?page_id=8402"},"modified":"2024-11-11T10:16:23","modified_gmt":"2024-11-11T06:46:23","slug":"portekizde-sirket-kurmak","status":"publish","type":"page","link":"http:\/\/goldenwest.pt\/tr\/portekizde-sirket-kurmak\/","title":{"rendered":"Portekiz\u2019de \u015firket kurmak Rehberi 2024"},"content":{"rendered":"<p>[vc_row bg_type=&#8221;bg_image&#8221; dima_canvas_style=&#8221;&#8221; translate_x=&#8221;0&#8243; dima_z_index=&#8221;0&#8243; delay=&#8221;&#8221; animate_item=&#8221;&#8221; delay_duration=&#8221;&#8221; delay_offset=&#8221;&#8221; id=&#8221;&#8221; class=&#8221;&#8221; di_bg_image=&#8221;8431&#8243; border_color=&#8221;&#8221; tutorials=&#8221;&#8221;][vc_column bg_type=&#8221;&#8221; dima_canvas_style=&#8221;&#8221; min_height=&#8221;&#8221; translate_x=&#8221;0&#8243; dima_z_index=&#8221;0&#8243; delay=&#8221;&#8221; delay_duration=&#8221;&#8221; delay_offset=&#8221;&#8221; width=&#8221;1\/1&#8243;]<div  class=\"dima-clear\" style=\"padding-bottom:130\"><\/div>[\/vc_column][\/vc_row][vc_row bg_type=&#8221;&#8221; dima_canvas_style=&#8221;&#8221; translate_x=&#8221;0&#8243; dima_z_index=&#8221;0&#8243; delay=&#8221;&#8221; animate_item=&#8221;&#8221; delay_duration=&#8221;&#8221; delay_offset=&#8221;&#8221;][vc_column bg_type=&#8221;&#8221; dima_canvas_style=&#8221;&#8221; min_height=&#8221;&#8221; translate_x=&#8221;0&#8243; dima_z_index=&#8221;0&#8243; delay=&#8221;&#8221; delay_duration=&#8221;&#8221; delay_offset=&#8221;&#8221; width=&#8221;1\/1&#8243;][vc_row_inner bg_type=&#8221;&#8221; dima_canvas_style=&#8221;&#8221; translate_x=&#8221;0&#8243; dima_z_index=&#8221;0&#8243;][vc_column_inner delay=&#8221;&#8221; delay_duration=&#8221;&#8221; delay_offset=&#8221;&#8221; translate_x=&#8221;0&#8243; dima_z_index=&#8221;0&#8243; width=&#8221;1\/3&#8243;]<hr>[\/vc_column_inner][vc_column_inner delay=&#8221;&#8221; delay_duration=&#8221;&#8221; delay_offset=&#8221;&#8221; translate_x=&#8221;0&#8243; dima_z_index=&#8221;0&#8243; width=&#8221;1\/3&#8243;]<h1  class=\"dima-custom-heading\"   ><\/p>\n<p style=\"text-align: center;\"><span style=\"font-size: 14pt; color: #19406a;\"><strong><span style=\"font-family: Arial, Helvetica, sans-serif;\">Portekiz\u2019de \u015firket kurmak Rehberi 2024<\/span><\/strong><\/span><\/p>\n<p><\/h1>[\/vc_column_inner][vc_column_inner delay=&#8221;&#8221; delay_duration=&#8221;&#8221; delay_offset=&#8221;&#8221; translate_x=&#8221;0&#8243; dima_z_index=&#8221;0&#8243; width=&#8221;1\/3&#8243;]<hr>[\/vc_column_inner][\/vc_row_inner]<div  class=\"dima-clear\" style=\"padding-bottom:15px\"><\/div>\n\t<div class=\"wpb_content_element \" >\n\t\t<div class=\"wpb_wrapper\">\n\t\t\t<p style=\"text-align: justify;\"><span style=\"font-family: Arial, Helvetica, sans-serif;\">Portekiz&#8217;de \u015firket kurmak, Portekiz&#8217;de oturma izni alman\u0131n ve Portekiz&#8217;e g\u00f6\u00e7 etmenin yollar\u0131ndan biridir. \u015eirketin faaliyetine ba\u015flamadan \u00f6nce onu tescil ettirmek i\u00e7in gerekli ad\u0131mlar\u0131 atmal\u0131s\u0131n\u0131z. Golden West&#8217;in bu makalesinde, Avrupa&#8217;da oturma izni alma ve \u015firket kayd\u0131 yoluyla Portekiz&#8217;de oturma izni almayla ilgili t\u00fcm sorular\u0131n\u0131z\u0131 yan\u0131tlayaca\u011f\u0131z.<\/span><\/p>\n<p style=\"text-align: justify;\"><span style=\"font-family: Arial, Helvetica, sans-serif;\">Portekiz ekonomisi AB&#8217;nin geri kalan\u0131na ayak uydurmakta zorlan\u0131yordu ve GSY\u0130H&#8217;si AB ortalamas\u0131n\u0131n \u00f6nemli \u00f6l\u00e7\u00fcde alt\u0131ndayd\u0131. Bu, Portekiz&#8217;in yat\u0131r\u0131m i\u00e7in uygun bir \u00fclke olmad\u0131\u011f\u0131 anlam\u0131na gelmez, aksine Portekiz&#8217;de \u015firket tescilinin parlak bir gelece\u011fi vard\u0131r ve bu \u00fclke, Avrupa, Afrika ve Amerika aras\u0131nda bir ticari merkez olarak her zaman yabanc\u0131 yat\u0131r\u0131mc\u0131lar\u0131n ilgisini \u00e7ekmektedir. Bu nedenle Portekiz&#8217;de daimi oturum almak, Portekiz&#8217;e yat\u0131r\u0131m yapmak ve Portekiz i\u00e7in alt\u0131n vize almak isteyenler i\u00e7in bu en iyi f\u0131rsatt\u0131r.<\/span><\/p>\n\n\t\t<\/div> \n\t<\/div> \n\t<div class=\"wpb_content_element \" >\n\t\t<div class=\"wpb_wrapper\">\n\t\t\t<h2 style=\"text-align: justify;\"><strong><span style=\"font-family: Arial, Helvetica, sans-serif; color: #19406a; font-size: 14pt;\">portekiz vize i\u00e7in gerekli evraklar nelerdir?<\/span><\/strong><\/h2>\n<p style=\"text-align: justify;\"><span style=\"font-family: Arial, Helvetica, sans-serif;\">\u00a0Portekiz vizesi almak i\u00e7in gerekli evraklar, ba\u015fvurulan vize t\u00fcr\u00fcne (turist, i\u015f, \u00f6\u011frenci, aile birle\u015fimi vb.) g\u00f6re de\u011fi\u015fiklik g\u00f6sterebilir. Ancak, genel olarak Schengen vizesi (k\u0131sa s\u00fcreli, 90 g\u00fcne kadar) ba\u015fvurusunda istenen belgeler \u015funlard\u0131r:<\/span><\/p>\n\n\t\t<\/div> \n\t<\/div> <ul  class=\"list-style angle\"  ><li   >\n<p style=\"text-align: justify;\"><span style=\"font-family: Arial, Helvetica, sans-serif;\"><span style=\"color: #19406a;\"><strong>Vize Ba\u015fvuru Formu ve Pasaport:<\/strong><\/span> portekiz vize icin hemen ba\u015fvuru yapin. Eksiksiz doldurulmu\u015f ve imzalanm\u0131\u015f Schengen vize ba\u015fvuru formu gerekli.Ayrica pasaportta en az iki bo\u015f sayfa olmal\u0131.<\/span><\/p>\n<\/li><li   >\n<p style=\"text-align: justify;\"><span style=\"font-family: Arial, Helvetica, sans-serif;\"><strong><span style=\"color: #19406a;\">Biyometrik Foto\u011fraf ve Seyahat Sa\u011fl\u0131k Sigortas\u0131:<\/span> <\/strong>Portekiz Oturum \u0130zni hakk\u0131nda bilgi almak i\u00e7in bizimle ileti\u015fime ge\u00e7ebilirsiniz. Ayrica\u00a0 2 adet, yak\u0131n zamanda \u00e7ekilmi\u015f biyometrik foto\u011fraf (35&#215;45 mm boyutlar\u0131nda, beyaz arka fonlu) gerekli.<br \/>\n<\/span><\/p>\n<\/li><li   >\n<p style=\"text-align: justify;\"><span style=\"font-family: Arial, Helvetica, sans-serif;\"><span style=\"color: #19406a;\"><strong>Seyahat Plan\u0131 ve Konaklama Bilgileri:<\/strong><\/span> portekiz vizesi en \u00fcnl\u00fc Avrupa vizelerinden biridir. U\u00e7ak rezervasyonlar\u0131 ya da gidi\u015f-d\u00f6n\u00fc\u015f u\u00e7u\u015f bilgileri\u00a0 gerekli. Otel rezervasyonu, davet mektubu veya ba\u015fka bir konaklama d\u00fczenlemesi belgesi de lazim.<\/span><\/p>\n<\/li><li   >\n<p style=\"text-align: justify;\"><span style=\"font-family: Arial, Helvetica, sans-serif;\"><span style=\"color: #19406a;\"><strong>Finansal Durumu G\u00f6steren Belgeler:<\/strong><\/span> Portekiz vize ba\u015fvurusunda \u00e7ok dikkatli olun. Son 3 ayl\u0131k banka hesap d\u00f6k\u00fcm\u00fc (banka taraf\u0131ndan ka\u015feli ve imzal\u0131) hazirlayin.<\/span><\/p>\n<\/li><li   >\n<p style=\"text-align: justify;\"><span style=\"font-family: Arial, Helvetica, sans-serif;\"><span style=\"color: #19406a;\"><strong>Di\u011fer Belgeler (gerekti\u011finde):<\/strong><\/span> \u015eirketimiz portekiz pasaportu al\u0131m\u0131 konusunda faydal\u0131 hizmetler sunmaktad\u0131r.\u00a0 Aile birle\u015fimi, uzun s\u00fcreli \u00f6\u011frenci vizesi gibi durumlarda ek belgeler istenebilir (\u00f6rne\u011fin: nikah belgesi, kabul mektubu). Ba\u015fvurunuzu yapmadan \u00f6nce, Portekiz Konsoloslu\u011fu veya ba\u015fvuru merkezi (VFS Global gibi) web sitesinden g\u00fcncel belge listesini kontrol etmeniz \u00f6nemlidir.<\/span><\/p>\n<\/li><\/ul><div  class=\"dima-clear\" style=\"padding-bottom:15px\"><\/div><div  class=\"dima-img column-item overflow-hidden\"       ><img loading=\"lazy\" decoding=\"async\" width=\"2000\" height=\"667\" src=\"http:\/\/goldenwest.pt\/wp-content\/uploads\/2024\/11\/company-portugal.jpg\" class=\"dima_image-img dima-image attachment-full\" alt=\"\" srcset=\"http:\/\/goldenwest.pt\/wp-content\/uploads\/2024\/11\/company-portugal.jpg 2000w, http:\/\/goldenwest.pt\/wp-content\/uploads\/2024\/11\/company-portugal-300x100.jpg 300w, http:\/\/goldenwest.pt\/wp-content\/uploads\/2024\/11\/company-portugal-1024x342.jpg 1024w, http:\/\/goldenwest.pt\/wp-content\/uploads\/2024\/11\/company-portugal-768x256.jpg 768w, http:\/\/goldenwest.pt\/wp-content\/uploads\/2024\/11\/company-portugal-1536x512.jpg 1536w, http:\/\/goldenwest.pt\/wp-content\/uploads\/2024\/11\/company-portugal-585x195.jpg 585w, http:\/\/goldenwest.pt\/wp-content\/uploads\/2024\/11\/company-portugal-1170x390.jpg 1170w, http:\/\/goldenwest.pt\/wp-content\/uploads\/2024\/11\/company-portugal-36x12.jpg 36w, http:\/\/goldenwest.pt\/wp-content\/uploads\/2024\/11\/company-portugal-48x16.jpg 48w\" sizes=\"auto, (max-width: 2000px) 100vw, 2000px\" \/><\/div>\n\t<div class=\"wpb_content_element \" >\n\t\t<div class=\"wpb_wrapper\">\n\t\t\t<h2 style=\"text-align: justify;\"><span style=\"color: #19406a;\"><strong><span style=\"font-family: Arial, Helvetica, sans-serif; font-size: 14pt;\">PORTEK\u0130Z&#8217;DE \u0130\u015e KURMAK<\/span><\/strong><\/span><\/h2>\n<p style=\"text-align: justify;\"><span style=\"font-family: Arial, Helvetica, sans-serif;\">Portekiz\u2019de \u015firket kurmak, Avrupa Birli\u011fi (AB) \u00fcyesi bir \u00fclkede i\u015f yapmak isteyenler i\u00e7in cazip bir se\u00e7enektir. Portekiz, yabanc\u0131 yat\u0131r\u0131mc\u0131lara ve giri\u015fimcilere \u00e7e\u015fitli vergi avantajlar\u0131, i\u015f g\u00fcc\u00fc ve altyap\u0131 imkanlar\u0131 sunmaktad\u0131r. \u015eirket kurma s\u00fcreci, yasal formaliteleri tamamlama ve gerekli belgeleri sa\u011flama ad\u0131mlar\u0131n\u0131 i\u00e7erir. \u0130\u015fte Portekiz\u2019de \u015firket kurmak i\u00e7in izlenmesi gereken ana ad\u0131mlar:<\/span><\/p>\n<ol>\n<li><strong><span style=\"color: #19406a;\">\u015eirket T\u00fcr\u00fcn\u00fc Se\u00e7me: <\/span><\/strong><span style=\"font-family: Arial, Helvetica, sans-serif;\">Portekiz&#8217;de birka\u00e7 farkl\u0131 \u015firket t\u00fcr\u00fc bulunmaktad\u0131r. En yayg\u0131n \u015firket t\u00fcrleri \u015funlard\u0131r:<\/span><\/li>\n<\/ol>\n\n\t\t<\/div> \n\t<\/div> <ul  class=\"list-style angle\"  ><li   >\n<p style=\"text-align: justify;\"><span style=\"font-family: Arial, Helvetica, sans-serif;\"><strong>Sole Proprietorship (T\u00fczel Ki\u015fili\u011fi Olmayan \u015eah\u0131s \u015eirketi):<\/strong> Portekiz Oturum \u0130zni icin \u015eimdi harekete ge\u00e7in.\u00a0 Tek bir ki\u015fi taraf\u0131ndan kurulur. \u015eirket sahibinin ki\u015fisel ve ticari varl\u0131klar\u0131 ayn\u0131 kabul edilir.<\/span><\/p>\n<\/li><li   >\n<p style=\"text-align: justify;\"><span style=\"font-family: Arial, Helvetica, sans-serif;\"><strong>Limitada (Lda) &#8211; Limited \u015eirket:<\/strong> portekiz vize i\u00e7in gerekli evraklarini Dikkatlice haz\u0131rlan\u0131n. En yayg\u0131n tercih edilen t\u00fcrd\u00fcr. En az 1, en fazla 50 ortak olabilir. Sermaye miktar\u0131 d\u00fc\u015f\u00fck olup, genellikle 1 Euro olabilir.<\/span><\/p>\n<\/li><li   >\n<p style=\"text-align: justify;\"><span style=\"font-family: Arial, Helvetica, sans-serif;\"><strong>Sociedade An\u00f3nima (SA) &#8211; Anonim \u015eirket:<\/strong> Vfs portekiz hakk\u0131nda detayl\u0131 bilgi almak i\u00e7in bize ula\u015f\u0131n. Daha b\u00fcy\u00fck \u015firketler i\u00e7in uygundur. Minimum sermaye gereksinimi vard\u0131r (genellikle 50.000 Euro). Hisseler halka a\u00e7\u0131k olabilir.<\/span><\/p>\n<\/li><\/ul><div  class=\"dima-clear\" style=\"padding-bottom:30px\"><\/div>\n\t<div class=\"wpb_content_element \" >\n\t\t<div class=\"wpb_wrapper\">\n\t\t\t<ol start=\"2\">\n<li style=\"text-align: justify;\"><span style=\"font-family: Arial, Helvetica, sans-serif;\">\u00a0 <strong><span style=\"color: #19406a;\">\u015eirket \u0130smi Belirleme ve Onaylatma:<\/span><\/strong> \u015eirketiniz i\u00e7in bir isim belirlemelisiniz. Bu isim Portekiz Ulusal \u015eirketler Sicili (Registo Nacional de Pessoas Colectivas &#8211; RNPC) taraf\u0131ndan onaylanmal\u0131d\u0131r. \u0130sim onay\u0131 i\u00e7in ba\u015fvuruda bulunulmas\u0131 gereklidir. Ayr\u0131ca, bir &#8220;Firma Sertifikas\u0131&#8221; (Certificado de Admissibilidade) alman\u0131z gerekebilir.<\/span><\/li>\n<li style=\"text-align: justify;\"><span style=\"font-family: Arial, Helvetica, sans-serif;\">\u00a0 <span style=\"color: #19406a;\"><strong>Portekiz Vergi Numaras\u0131 (NIF) Alma:<\/strong><\/span> Portekiz\u2019de \u015firket kurmak i\u00e7in t\u00fcm hissedarlar ve y\u00f6neticiler bir Portekiz vergi numaras\u0131na (N\u00famero de Identifica\u00e7\u00e3o Fiscal &#8211; NIF) sahip olmal\u0131d\u0131r. E\u011fer hissedar ya da y\u00f6netici Portekiz vatanda\u015f\u0131 de\u011filse, vergi numaras\u0131 almak i\u00e7in bir Portekiz vergi temsilcisiyle \u00e7al\u0131\u015fman\u0131z gerekebilir<\/span><\/li>\n<\/ol>\n\n\t\t<\/div> \n\t<\/div> [vc_row_inner bg_type=&#8221;&#8221; dima_canvas_style=&#8221;&#8221; translate_x=&#8221;0&#8243; dima_z_index=&#8221;0&#8243;][vc_column_inner delay=&#8221;&#8221; delay_duration=&#8221;&#8221; delay_offset=&#8221;&#8221; translate_x=&#8221;0&#8243; dima_z_index=&#8221;0&#8243; width=&#8221;1\/3&#8243;]<div  class=\"dima-iconbox no-box text-center\"  style=\"\"><header  class=\"icon-box-header \"  ><span  class=\" box-circle  icon-box-hover icon-box-medium\"><i class=\"fa fa-money\"><\/i><\/span><\/header><div  class=\"features-content\"  ><h5 class=\"features-title\" >Portekiz Golden Vise<\/h5><span class=\"dima-divider line-center line-hr small-line\"><\/span><\/div><\/div><a   href=\"https:\/\/goldenwest.pt\/tr\/portekiz-golden-visa\/\"  class=\"dima-button dima-waves fill dima-btn-small float-center\"    target=\"_blank\" rel=\"noopener\"  >Detayl\u0131 Bilgi<\/a>[\/vc_column_inner][vc_column_inner delay=&#8221;&#8221; delay_duration=&#8221;&#8221; delay_offset=&#8221;&#8221; translate_x=&#8221;0&#8243; dima_z_index=&#8221;0&#8243; width=&#8221;1\/3&#8243;]<div  class=\"dima-iconbox no-box text-center\"  style=\"\"><header  class=\"icon-box-header \"  ><span  class=\" box-circle  icon-box-hover icon-box-medium\"><i class=\"fa fa-id-card-o\"><\/i><\/span><\/header><div  class=\"features-content\"  ><h5 class=\"features-title\" >Portekiz D7 Vizesi<\/h5><span class=\"dima-divider line-center line-hr small-line\"><\/span><\/div><\/div><a   href=\"https:\/\/goldenwest.pt\/tr\/portekiz-d7-vizesi\/\"  class=\"dima-button dima-waves fill dima-btn-small float-center\"    target=\"_blank\" rel=\"noopener\"  >Detayl\u0131 Bilgi<\/a>[\/vc_column_inner][vc_column_inner delay=&#8221;&#8221; delay_duration=&#8221;&#8221; delay_offset=&#8221;&#8221; translate_x=&#8221;0&#8243; dima_z_index=&#8221;0&#8243; width=&#8221;1\/3&#8243;]<div  class=\"dima-iconbox no-box text-center\"  style=\"\"><header  class=\"icon-box-header \"  ><span  class=\" box-circle  icon-box-hover icon-box-medium\"><i class=\"fa fa-graduation-cap\"><\/i><\/span><\/header><div  class=\"features-content\"  ><h5 class=\"features-title\" >Portekiz \u00d6\u011frenci Vizesi<\/h5><span class=\"dima-divider line-center line-hr small-line\"><\/span><\/div><\/div><a   href=\"#\"  class=\"dima-button dima-waves fill dima-btn-small float-center\"    target=\"_blank\" rel=\"noopener\"  >Detayl\u0131 Bilgi<\/a>[\/vc_column_inner][\/vc_row_inner]<div  class=\"dima-clear\" style=\"padding-bottom:15px\"><\/div>\n\t<div class=\"wpb_content_element \" >\n\t\t<div class=\"wpb_wrapper\">\n\t\t\t<h2 style=\"text-align: justify;\"><span style=\"color: #19406a;\"><strong><span style=\"font-family: Arial, Helvetica, sans-serif; font-size: 14pt;\">Portekiz\u2019de \u015firket ve i\u015f kurmak icin neler lazim?<\/span><\/strong><\/span><\/h2>\n\n\t\t<\/div> \n\t<\/div> <ul  class=\"list-style angle\"  ><li   >\n<p style=\"text-align: justify;\"><span style=\"font-family: Arial, Helvetica, sans-serif;\">\u00a0<span style=\"color: #19406a;\"><strong>\u015eirket Ana S\u00f6zle\u015fmesinin Haz\u0131rlanmas\u0131:<\/strong><\/span> Portekiz&#8217;de \u015firket kurmak \u00e7ok kolay. \u015eirketin ana s\u00f6zle\u015fmesi (Articles of Association), \u015firketin y\u00f6netim \u015fekli, sermayesi, ortaklar\u0131n hak ve sorumluluklar\u0131n\u0131 i\u00e7eren resmi bir belgedir. Bu belge noter huzurunda haz\u0131rlan\u0131r ve onaylan\u0131r.<\/span><\/p>\n<\/li><li   >\n<p style=\"text-align: justify;\"><span style=\"font-family: Arial, Helvetica, sans-serif;\"><span style=\"color: #19406a;\"><strong>\u015eirket Kayd\u0131:<\/strong><\/span> Portekiz&#8217;de \u015firket kurmak e\u015fitli\u011fi yat\u0131r\u0131mc\u0131lar\u0131n en \u00f6nemli kayg\u0131lar\u0131ndan biridir. \u015eirketi Portekiz Ticaret Sicili&#8217;ne (Registo Comercial) kaydetmek gereklidir. Bu i\u015flem genellikle online yap\u0131labilir ve h\u0131zl\u0131 bir s\u00fcre\u00e7tir. \u015eirket kayd\u0131n\u0131z yap\u0131ld\u0131ktan sonra \u015firket numaras\u0131 ve ticaret sicil kayd\u0131 al\u0131rs\u0131n\u0131z.<\/span><\/p>\n<\/li><li   ><span style=\"font-family: Arial, Helvetica, sans-serif;\"><span style=\"color: #19406a;\"><strong>Bankada \u015eirket Hesab\u0131 A\u00e7ma:<\/strong><\/span> Portekiz&#8217;deki herhangi bir bankada bir \u015firket hesab\u0131 a\u00e7man\u0131z gerekmektedir. \u015eirketin kurulu\u015f sermayesi bu hesaba yat\u0131r\u0131lmal\u0131d\u0131r.<\/span><\/li><li   >\n<p style=\"text-align: justify;\"><span style=\"font-family: Arial, Helvetica, sans-serif;\"><span style=\"color: #19406a;\"><strong>\u00c7al\u0131\u015fanlar \u0130\u00e7in Sosyal G\u00fcvenlik Kayd\u0131:<\/strong><\/span> E\u011fer \u00e7al\u0131\u015fanlar\u0131n\u0131z olacaksa, onlar\u0131 Portekiz Sosyal G\u00fcvenlik Kurumu\u2019na (Seguran\u00e7a Social) kaydetmeniz gereklidir.<\/span><\/p>\n<\/li><li   >\n<p style=\"text-align: justify;\"><span style=\"font-family: Arial, Helvetica, sans-serif;\"><span style=\"color: #19406a;\"><strong>Portekiz Vergi Otoriteleri&#8217;ne Kay\u0131t:<\/strong><\/span> Portekiz&#8217;de \u015firket kurmakin bir\u00e7ok avantaj\u0131 var. \u015eirketinizi Portekiz Vergi Otoriteleri\u2019ne kaydettirmeniz ve vergi numaras\u0131 alman\u0131z gereklidir. Bu ad\u0131m, \u015firketin KDV (VAT &#8211; IVA) ve di\u011fer vergilere tabi olmas\u0131 i\u00e7in \u00f6nemlidir. Portekiz&#8217;de standart KDV oran\u0131 %23&#8217;t\u00fcr.<\/span><\/p>\n<\/li><li   >\n<p style=\"text-align: justify;\"><span style=\"font-family: Arial, Helvetica, sans-serif;\"><span style=\"color: #19406a;\"><strong>Yerel Belediye \u0130zni:<\/strong><\/span> Baz\u0131 i\u015f kollar\u0131nda, i\u015fletme kurmak i\u00e7in yerel belediyeden ek izinler al\u0131nmas\u0131 gerekebilir. Bu durum, \u00f6zellikle restoran, kafe gibi faaliyetlerde ge\u00e7erlidir.<\/span><\/p>\n<\/li><li   >\n<p style=\"text-align: justify;\"><span style=\"font-family: Arial, Helvetica, sans-serif;\"><span style=\"color: #19406a;\"><strong>Zaman ve Maliyet:<\/strong><\/span> Portekiz\u2019de \u015firket kurmak s\u00fcreci genellikle 5 ila 15 i\u015f g\u00fcn\u00fc s\u00fcrer. Maliyetler ise se\u00e7ece\u011finiz \u015firket t\u00fcr\u00fcne ve gerekli belgelerin haz\u0131rlanmas\u0131na g\u00f6re de\u011fi\u015fiklik g\u00f6sterebilir. Noter, \u015firket kayd\u0131, banka i\u015flemleri ve di\u011fer idari \u00fccretler yakla\u015f\u0131k 300-500 Euro civar\u0131nda olabilir. Portekiz&#8217;de \u015firket kurarken yerel dan\u0131\u015fmanlardan veya hukuk b\u00fcrolar\u0131ndan yard\u0131m almak, s\u00fcreci h\u0131zland\u0131rabilir ve yasal y\u00fck\u00fcml\u00fcl\u00fckleri do\u011fru bir \u015fekilde yerine getirmenizi sa\u011flar.\u00a0<\/span><\/p>\n<\/li><\/ul>[\/vc_column][\/vc_row][vc_row bg_type=&#8221;bg_image&#8221; dima_canvas_style=&#8221;&#8221; cover=&#8221;true&#8221; bg_gradient=&#8221;horizontal&#8221; cover_color=&#8221;#113c6b&#8221; gr_end=&#8221;#00236b&#8221; top_shape_color=&#8221;#ffffff&#8221; bottom_shape_color=&#8221;#ffffff&#8221; translate_x=&#8221;0&#8243; dima_z_index=&#8221;0&#8243; delay=&#8221;&#8221; animate_item=&#8221;&#8221; delay_duration=&#8221;&#8221; delay_offset=&#8221;&#8221; id=&#8221;&#8221; class=&#8221;&#8221; di_bg_image=&#8221;8090&#8243; border_color=&#8221;&#8221;][vc_column bg_type=&#8221;&#8221; dima_canvas_style=&#8221;&#8221; min_height=&#8221;&#8221; translate_x=&#8221;0&#8243; dima_z_index=&#8221;0&#8243; delay=&#8221;&#8221; delay_duration=&#8221;&#8221; delay_offset=&#8221;&#8221; width=&#8221;1\/1&#8243;][vc_row_inner bg_type=&#8221;&#8221; dima_canvas_style=&#8221;&#8221; translate_x=&#8221;0&#8243; dima_z_index=&#8221;0&#8243;][vc_column_inner delay=&#8221;&#8221; delay_duration=&#8221;&#8221; delay_offset=&#8221;&#8221; translate_x=&#8221;0&#8243; dima_z_index=&#8221;0&#8243; width=&#8221;1\/2&#8243;]\n\t<div class=\"wpb_content_element \" >\n\t\t<div class=\"wpb_wrapper\">\n\t\t\t<p style=\"text-align: center;\"><span style=\"font-family: Arial, Helvetica, sans-serif; font-size: 14pt; color: #ffffff;\"><strong>Vize ve Ikamet dan\u0131\u015fmanl\u0131\u011f\u0131 i\u00e7in bizimle ileti\u015fime ge\u00e7in<\/strong><\/span><\/p>\n\n\t\t<\/div> \n\t<\/div> [\/vc_column_inner][vc_column_inner delay=&#8221;&#8221; delay_duration=&#8221;&#8221; delay_offset=&#8221;&#8221; translate_x=&#8221;0&#8243; dima_z_index=&#8221;0&#8243; width=&#8221;1\/2&#8243;]<a href=\"https:\/\/wa.me\/+351913987220\" class=\"dima-button dima-waves fill dima-btn-small float-center\" target=\"_blank\" rel=\"noopener\">WhatsApp<\/a>[\/vc_column_inner][\/vc_row_inner][\/vc_column][\/vc_row]<\/p>\n","protected":false},"excerpt":{"rendered":"<p>[vc_row bg_type=&#8221;bg_image&#8221; dima_canvas_style=&#8221;&#8221; translate_x=&#8221;0&#8243; dima_z_index=&#8221;0&#8243; delay=&#8221;&#8221; animate_item=&#8221;&#8221; delay_duration=&#8221;&#8221; delay_offset=&#8221;&#8221; id=&#8221;&#8221; class=&#8221;&#8221; di_bg_image=&#8221;8431&#8243; border_color=&#8221;&#8221; tutorials=&#8221;&#8221;][vc_column bg_type=&#8221;&#8221; dima_canvas_style=&#8221;&#8221; min_height=&#8221;&#8221; translate_x=&#8221;0&#8243; dima_z_index=&#8221;0&#8243; delay=&#8221;&#8221; delay_duration=&#8221;&#8221; delay_offset=&#8221;&#8221; width=&#8221;1\/1&#8243;][\/vc_column][\/vc_row][vc_row bg_type=&#8221;&#8221; dima_canvas_style=&#8221;&#8221; translate_x=&#8221;0&#8243; dima_z_index=&#8221;0&#8243; delay=&#8221;&#8221; animate_item=&#8221;&#8221; delay_duration=&#8221;&#8221; delay_offset=&#8221;&#8221;][vc_column bg_type=&#8221;&#8221; dima_canvas_style=&#8221;&#8221; min_height=&#8221;&#8221; translate_x=&#8221;0&#8243; dima_z_index=&#8221;0&#8243; delay=&#8221;&#8221; delay_duration=&#8221;&#8221; delay_offset=&#8221;&#8221; width=&#8221;1\/1&#8243;][vc_row_inner bg_type=&#8221;&#8221; dima_canvas_style=&#8221;&#8221; translate_x=&#8221;0&#8243; dima_z_index=&#8221;0&#8243;][vc_column_inner delay=&#8221;&#8221; delay_duration=&#8221;&#8221; delay_offset=&#8221;&#8221; translate_x=&#8221;0&#8243; dima_z_index=&#8221;0&#8243; width=&#8221;1\/3&#8243;][\/vc_column_inner][vc_column_inner delay=&#8221;&#8221; delay_duration=&#8221;&#8221; delay_offset=&#8221;&#8221; translate_x=&#8221;0&#8243; dima_z_index=&#8221;0&#8243; [&hellip;]<\/p>\n","protected":false},"author":4,"featured_media":8403,"parent":0,"menu_order":0,"comment_status":"closed","ping_status":"closed","template":"","meta":{"inline_featured_image":false,"footnotes":""},"class_list":["post-8402","page","type-page","status-publish","has-post-thumbnail","hentry"],"_links":{"self":[{"href":"http:\/\/goldenwest.pt\/tr\/wp-json\/wp\/v2\/pages\/8402","targetHints":{"allow":["GET"]}}],"collection":[{"href":"http:\/\/goldenwest.pt\/tr\/wp-json\/wp\/v2\/pages"}],"about":[{"href":"http:\/\/goldenwest.pt\/tr\/wp-json\/wp\/v2\/types\/page"}],"author":[{"embeddable":true,"href":"http:\/\/goldenwest.pt\/tr\/wp-json\/wp\/v2\/users\/4"}],"replies":[{"embeddable":true,"href":"http:\/\/goldenwest.pt\/tr\/wp-json\/wp\/v2\/comments?post=8402"}],"version-history":[{"count":17,"href":"http:\/\/goldenwest.pt\/tr\/wp-json\/wp\/v2\/pages\/8402\/revisions"}],"predecessor-version":[{"id":8444,"href":"http:\/\/goldenwest.pt\/tr\/wp-json\/wp\/v2\/pages\/8402\/revisions\/8444"}],"wp:featuredmedia":[{"embeddable":true,"href":"http:\/\/goldenwest.pt\/tr\/wp-json\/wp\/v2\/media\/8403"}],"wp:attachment":[{"href":"http:\/\/goldenwest.pt\/tr\/wp-json\/wp\/v2\/media?parent=8402"}],"curies":[{"name":"wp","href":"https:\/\/api.w.org\/{rel}","templated":true}]}}